{"id":3115,"date":"2025-09-07T11:03:04","date_gmt":"2025-09-07T10:03:04","guid":{"rendered":"https:\/\/cosimulation.es\/?post_type=product&#038;p=3115"},"modified":"2025-12-02T18:44:38","modified_gmt":"2025-12-02T17:44:38","slug":"taza-verde-my-pause-your-safety","status":"publish","type":"product","link":"https:\/\/cosimulation.es\/cat\/producte\/taza-verde-my-pause-your-safety\/","title":{"rendered":"Taza \u00abMy Pause Your Safety\u00bb"},"content":{"rendered":"<p data-start=\"140\" data-end=\"406\">Fabricada de forma <strong data-start=\"159\" data-end=\"178\">eco-responsable<\/strong> a partir de la transformaci\u00f3n de la c\u00e1scara de arroz del Delta del Ebro, con un compuesto patentado por <strong data-start=\"283\" data-end=\"295\">Oryzite\u00ae<\/strong> que constituye el <strong data-start=\"314\" data-end=\"345\">60% del material del envase.<\/strong><\/p>\n<p data-start=\"140\" data-end=\"406\">Esta taza no solo cuida de ti, tambi\u00e9n cuida del planeta.<\/p>\n<p data-start=\"408\" data-end=\"640\">Perfecta para disfrutar de tu pausa, tu caf\u00e9 o tu infusi\u00f3n favorita. Dise\u00f1ada\u00a0con un <strong data-start=\"517\" data-end=\"535\">asa ergon\u00f3mica<\/strong> que garantiza un agarre c\u00f3modo y seguro, manteniendo la temperatura de tus bebidas durante m\u00e1s tiempo.<\/p>\n<p data-start=\"408\" data-end=\"640\">Resistente al microondas y al lavavajillas.<\/p>\n<p data-start=\"408\" data-end=\"640\">Incluye solo la taza. Si deseas a\u00f1adir el plato, puedes solicitarlo aparte.<\/p>","protected":false},"excerpt":{"rendered":"<p data-start=\"97\" data-end=\"219\"><strong data-start=\"101\" data-end=\"153\">A veces necesitamos recordar que una pausa, un descanso, un momento de autocuidado<\/strong> nos permite recargarnos para garantizar seguridad a nuestros pacientes.<\/p>\n<p data-start=\"222\" data-end=\"337\">El mensaje es un recordatorio amable de que <strong data-start=\"266\" data-end=\"334\">cuidarse uno mismo no es ego\u00edsmo, es responsabilidad profesional<\/strong>.<\/p>\n<p data-start=\"340\" data-end=\"498\">Transmite la idea de que parar un segundo, tomar un caf\u00e9 o respirar, no es perder tiempo: es <strong data-start=\"433\" data-end=\"495\">ganar claridad y efectividad para cuidar mejor a los dem\u00e1s<\/strong>.<\/p>\n<p data-start=\"340\" data-end=\"498\">Disponible en verde, azul, beige o naranja. \u00bfCon cu\u00e1l te identificas m\u00e1s?<\/p>\n<p data-start=\"767\" data-end=\"845\">","protected":false},"featured_media":3117,"comment_status":"open","ping_status":"closed","template":"","meta":{"neve_meta_sidebar":"","neve_meta_container":"","neve_meta_enable_content_width":"off","neve_meta_content_width":100,"neve_meta_title_alignment":"","neve_meta_author_avatar":"","neve_post_elements_order":"","neve_meta_disable_header":"","neve_meta_disable_footer":"","neve_meta_disable_title":""},"product_brand":[],"product_cat":[31],"product_tag":[],"class_list":{"0":"post-3115","1":"product","2":"type-product","3":"status-publish","4":"has-post-thumbnail","6":"product_cat-products","8":"first","9":"instock","10":"purchasable","11":"product-type-variable"},"yoast_head":"<!-- This site is optimized with the Yoast SEO plugin v26.6 - https:\/\/yoast.com\/wordpress\/plugins\/seo\/ -->\n<title>Taza &quot;My Pause Your Safety&quot; | coSIMULATION<\/title>\n<meta name=\"robots\" content=\"index, follow, max-snippet:-1, max-image-preview:large, max-video-preview:-1\" \/>\n<link rel=\"canonical\" href=\"https:\/\/cosimulation.es\/cat\/producte\/taza-verde-my-pause-your-safety\/\" \/>\n<meta property=\"og:locale\" content=\"ca_ES\" \/>\n<meta property=\"og:type\" content=\"article\" \/>\n<meta property=\"og:title\" content=\"Taza &quot;My Pause Your Safety&quot; | coSIMULATION\" \/>\n<meta property=\"og:description\" content=\"A veces necesitamos recordar que una pausa, un descanso, un momento de autocuidado nos permite recargarnos para garantizar seguridad a nuestros pacientes. El mensaje es un recordatorio amable de que cuidarse uno mismo no es ego\u00edsmo, es responsabilidad profesional. Transmite la idea de que parar un segundo, tomar un caf\u00e9 o respirar, no es perder tiempo: es ganar claridad y efectividad para cuidar mejor a los dem\u00e1s. Disponible en verde, azul, beige o naranja. \u00bfCon cu\u00e1l te identificas m\u00e1s?\" \/>\n<meta property=\"og:url\" content=\"https:\/\/cosimulation.es\/cat\/producte\/taza-verde-my-pause-your-safety\/\" \/>\n<meta property=\"og:site_name\" content=\"coSIMULATION\" \/>\n<meta property=\"article:publisher\" content=\"https:\/\/www.instagram.com\/cosimulation.es\/\" \/>\n<meta property=\"article:modified_time\" content=\"2025-12-02T17:44:38+00:00\" \/>\n<meta property=\"og:image\" content=\"https:\/\/cosimulation.es\/wp-content\/uploads\/2025\/09\/ChatGPT-Image-7-sept-2025-10_57_56.png\" \/>\n\t<meta property=\"og:image:width\" content=\"1024\" \/>\n\t<meta property=\"og:image:height\" content=\"1024\" \/>\n\t<meta property=\"og:image:type\" content=\"image\/png\" \/>\n<meta name=\"twitter:card\" content=\"summary_large_image\" \/>\n<meta name=\"twitter:label1\" content=\"Temps estimat de lectura\" \/>\n\t<meta name=\"twitter:data1\" content=\"1 minut\" \/>\n<script type=\"application\/ld+json\" class=\"yoast-schema-graph\">{\"@context\":\"https:\/\/schema.org\",\"@graph\":[{\"@type\":\"WebPage\",\"@id\":\"https:\/\/cosimulation.es\/producto\/taza-verde-my-pause-your-safety\/\",\"url\":\"https:\/\/cosimulation.es\/producto\/taza-verde-my-pause-your-safety\/\",\"name\":\"Taza \\\"My Pause Your Safety\\\" | coSIMULATION\",\"isPartOf\":{\"@id\":\"https:\/\/cosimulation.es\/#website\"},\"primaryImageOfPage\":{\"@id\":\"https:\/\/cosimulation.es\/producto\/taza-verde-my-pause-your-safety\/#primaryimage\"},\"image\":{\"@id\":\"https:\/\/cosimulation.es\/producto\/taza-verde-my-pause-your-safety\/#primaryimage\"},\"thumbnailUrl\":\"https:\/\/cosimulation.es\/wp-content\/uploads\/2025\/09\/ChatGPT-Image-7-sept-2025-10_57_56.png\",\"datePublished\":\"2025-09-07T10:03:04+00:00\",\"dateModified\":\"2025-12-02T17:44:38+00:00\",\"breadcrumb\":{\"@id\":\"https:\/\/cosimulation.es\/producto\/taza-verde-my-pause-your-safety\/#breadcrumb\"},\"inLanguage\":\"ca\",\"potentialAction\":[{\"@type\":\"ReadAction\",\"target\":[\"https:\/\/cosimulation.es\/producto\/taza-verde-my-pause-your-safety\/\"]}]},{\"@type\":\"ImageObject\",\"inLanguage\":\"ca\",\"@id\":\"https:\/\/cosimulation.es\/producto\/taza-verde-my-pause-your-safety\/#primaryimage\",\"url\":\"https:\/\/cosimulation.es\/wp-content\/uploads\/2025\/09\/ChatGPT-Image-7-sept-2025-10_57_56.png\",\"contentUrl\":\"https:\/\/cosimulation.es\/wp-content\/uploads\/2025\/09\/ChatGPT-Image-7-sept-2025-10_57_56.png\",\"width\":1024,\"height\":1024},{\"@type\":\"BreadcrumbList\",\"@id\":\"https:\/\/cosimulation.es\/producto\/taza-verde-my-pause-your-safety\/#breadcrumb\",\"itemListElement\":[{\"@type\":\"ListItem\",\"position\":1,\"name\":\"Portada\",\"item\":\"https:\/\/cosimulation.es\/\"},{\"@type\":\"ListItem\",\"position\":2,\"name\":\"Tienda Beta\",\"item\":\"https:\/\/cosimulation.es\/tienda-beta\/\"},{\"@type\":\"ListItem\",\"position\":3,\"name\":\"Taza \u00abMy Pause Your Safety\u00bb\"}]},{\"@type\":\"WebSite\",\"@id\":\"https:\/\/cosimulation.es\/#website\",\"url\":\"https:\/\/cosimulation.es\/\",\"name\":\"coSIMULATION\",\"description\":\"Formaci\u00f3n sanitaria\",\"publisher\":{\"@id\":\"https:\/\/cosimulation.es\/#organization\"},\"potentialAction\":[{\"@type\":\"SearchAction\",\"target\":{\"@type\":\"EntryPoint\",\"urlTemplate\":\"https:\/\/cosimulation.es\/?s={search_term_string}\"},\"query-input\":{\"@type\":\"PropertyValueSpecification\",\"valueRequired\":true,\"valueName\":\"search_term_string\"}}],\"inLanguage\":\"ca\"},{\"@type\":\"Organization\",\"@id\":\"https:\/\/cosimulation.es\/#organization\",\"name\":\"coSIMULATION\",\"url\":\"https:\/\/cosimulation.es\/\",\"logo\":{\"@type\":\"ImageObject\",\"inLanguage\":\"ca\",\"@id\":\"https:\/\/cosimulation.es\/#\/schema\/logo\/image\/\",\"url\":\"https:\/\/cosimulation.es\/wp-content\/uploads\/2024\/01\/LOGO-coSIMULATION.png\",\"contentUrl\":\"https:\/\/cosimulation.es\/wp-content\/uploads\/2024\/01\/LOGO-coSIMULATION.png\",\"width\":500,\"height\":274,\"caption\":\"coSIMULATION\"},\"image\":{\"@id\":\"https:\/\/cosimulation.es\/#\/schema\/logo\/image\/\"},\"sameAs\":[\"https:\/\/www.instagram.com\/cosimulation.es\/\"]}]}<\/script>\n<!-- \/ Yoast SEO plugin. -->","yoast_head_json":{"title":"Taza \"My Pause Your Safety\" | coSIMULATION","robots":{"index":"index","follow":"follow","max-snippet":"max-snippet:-1","max-image-preview":"max-image-preview:large","max-video-preview":"max-video-preview:-1"},"canonical":"https:\/\/cosimulation.es\/cat\/producte\/taza-verde-my-pause-your-safety\/","og_locale":"ca_ES","og_type":"article","og_title":"Taza \"My Pause Your Safety\" | coSIMULATION","og_description":"A veces necesitamos recordar que una pausa, un descanso, un momento de autocuidado nos permite recargarnos para garantizar seguridad a nuestros pacientes. El mensaje es un recordatorio amable de que cuidarse uno mismo no es ego\u00edsmo, es responsabilidad profesional. Transmite la idea de que parar un segundo, tomar un caf\u00e9 o respirar, no es perder tiempo: es ganar claridad y efectividad para cuidar mejor a los dem\u00e1s. Disponible en verde, azul, beige o naranja. \u00bfCon cu\u00e1l te identificas m\u00e1s?","og_url":"https:\/\/cosimulation.es\/cat\/producte\/taza-verde-my-pause-your-safety\/","og_site_name":"coSIMULATION","article_publisher":"https:\/\/www.instagram.com\/cosimulation.es\/","article_modified_time":"2025-12-02T17:44:38+00:00","og_image":[{"width":1024,"height":1024,"url":"https:\/\/cosimulation.es\/wp-content\/uploads\/2025\/09\/ChatGPT-Image-7-sept-2025-10_57_56.png","type":"image\/png"}],"twitter_card":"summary_large_image","twitter_misc":{"Temps estimat de lectura":"1 minut"},"schema":{"@context":"https:\/\/schema.org","@graph":[{"@type":"WebPage","@id":"https:\/\/cosimulation.es\/producto\/taza-verde-my-pause-your-safety\/","url":"https:\/\/cosimulation.es\/producto\/taza-verde-my-pause-your-safety\/","name":"Taza \"My Pause Your Safety\" | coSIMULATION","isPartOf":{"@id":"https:\/\/cosimulation.es\/#website"},"primaryImageOfPage":{"@id":"https:\/\/cosimulation.es\/producto\/taza-verde-my-pause-your-safety\/#primaryimage"},"image":{"@id":"https:\/\/cosimulation.es\/producto\/taza-verde-my-pause-your-safety\/#primaryimage"},"thumbnailUrl":"https:\/\/cosimulation.es\/wp-content\/uploads\/2025\/09\/ChatGPT-Image-7-sept-2025-10_57_56.png","datePublished":"2025-09-07T10:03:04+00:00","dateModified":"2025-12-02T17:44:38+00:00","breadcrumb":{"@id":"https:\/\/cosimulation.es\/producto\/taza-verde-my-pause-your-safety\/#breadcrumb"},"inLanguage":"ca","potentialAction":[{"@type":"ReadAction","target":["https:\/\/cosimulation.es\/producto\/taza-verde-my-pause-your-safety\/"]}]},{"@type":"ImageObject","inLanguage":"ca","@id":"https:\/\/cosimulation.es\/producto\/taza-verde-my-pause-your-safety\/#primaryimage","url":"https:\/\/cosimulation.es\/wp-content\/uploads\/2025\/09\/ChatGPT-Image-7-sept-2025-10_57_56.png","contentUrl":"https:\/\/cosimulation.es\/wp-content\/uploads\/2025\/09\/ChatGPT-Image-7-sept-2025-10_57_56.png","width":1024,"height":1024},{"@type":"BreadcrumbList","@id":"https:\/\/cosimulation.es\/producto\/taza-verde-my-pause-your-safety\/#breadcrumb","itemListElement":[{"@type":"ListItem","position":1,"name":"Portada","item":"https:\/\/cosimulation.es\/"},{"@type":"ListItem","position":2,"name":"Tienda Beta","item":"https:\/\/cosimulation.es\/tienda-beta\/"},{"@type":"ListItem","position":3,"name":"Taza \u00abMy Pause Your Safety\u00bb"}]},{"@type":"WebSite","@id":"https:\/\/cosimulation.es\/#website","url":"https:\/\/cosimulation.es\/","name":"coSIMULATION","description":"Formaci\u00f3n sanitaria","publisher":{"@id":"https:\/\/cosimulation.es\/#organization"},"potentialAction":[{"@type":"SearchAction","target":{"@type":"EntryPoint","urlTemplate":"https:\/\/cosimulation.es\/?s={search_term_string}"},"query-input":{"@type":"PropertyValueSpecification","valueRequired":true,"valueName":"search_term_string"}}],"inLanguage":"ca"},{"@type":"Organization","@id":"https:\/\/cosimulation.es\/#organization","name":"coSIMULATION","url":"https:\/\/cosimulation.es\/","logo":{"@type":"ImageObject","inLanguage":"ca","@id":"https:\/\/cosimulation.es\/#\/schema\/logo\/image\/","url":"https:\/\/cosimulation.es\/wp-content\/uploads\/2024\/01\/LOGO-coSIMULATION.png","contentUrl":"https:\/\/cosimulation.es\/wp-content\/uploads\/2024\/01\/LOGO-coSIMULATION.png","width":500,"height":274,"caption":"coSIMULATION"},"image":{"@id":"https:\/\/cosimulation.es\/#\/schema\/logo\/image\/"},"sameAs":["https:\/\/www.instagram.com\/cosimulation.es\/"]}]}},"jetpack_sharing_enabled":true,"publishpress_future_action":{"enabled":false,"date":"2026-04-28 09:59:48","action":"change-status","newStatus":"draft","terms":[],"taxonomy":"product_brand","extraData":[]},"publishpress_future_workflow_manual_trigger":{"enabledWorkflows":[]},"_links":{"self":[{"href":"https:\/\/cosimulation.es\/cat\/wp-json\/wp\/v2\/product\/3115","targetHints":{"allow":["GET"]}}],"collection":[{"href":"https:\/\/cosimulation.es\/cat\/wp-json\/wp\/v2\/product"}],"about":[{"href":"https:\/\/cosimulation.es\/cat\/wp-json\/wp\/v2\/types\/product"}],"replies":[{"embeddable":true,"href":"https:\/\/cosimulation.es\/cat\/wp-json\/wp\/v2\/comments?post=3115"}],"wp:featuredmedia":[{"embeddable":true,"href":"https:\/\/cosimulation.es\/cat\/wp-json\/wp\/v2\/media\/3117"}],"wp:attachment":[{"href":"https:\/\/cosimulation.es\/cat\/wp-json\/wp\/v2\/media?parent=3115"}],"wp:term":[{"taxonomy":"product_brand","embeddable":true,"href":"https:\/\/cosimulation.es\/cat\/wp-json\/wp\/v2\/product_brand?post=3115"},{"taxonomy":"product_cat","embeddable":true,"href":"https:\/\/cosimulation.es\/cat\/wp-json\/wp\/v2\/product_cat?post=3115"},{"taxonomy":"product_tag","embeddable":true,"href":"https:\/\/cosimulation.es\/cat\/wp-json\/wp\/v2\/product_tag?post=3115"}],"curies":[{"name":"wp","href":"https:\/\/api.w.org\/{rel}","templated":true}]}}