{"id":2833,"date":"2025-07-31T10:32:42","date_gmt":"2025-07-31T09:32:42","guid":{"rendered":"https:\/\/cosimulation.es\/?post_type=product&#038;p=2833"},"modified":"2025-08-14T16:32:38","modified_gmt":"2025-08-14T15:32:38","slug":"guia-de-primeros-auxilios-atragantamiento-poster","status":"publish","type":"product","link":"https:\/\/cosimulation.es\/cat\/producte\/guia-de-primeros-auxilios-atragantamiento-poster\/","title":{"rendered":"Gu\u00eda de Primeros Auxilios Atragantamiento. P\u00f3ster"},"content":{"rendered":"<p><strong>Estos p\u00f3sters no solo decoran: transmiten valores.<\/strong><br data-start=\"166\" data-end=\"169\" \/>Impulsan el\u00a0<strong data-start=\"181\" data-end=\"219\">crecimiento personal y profesional<\/strong>, fomentan la\u00a0<strong data-start=\"233\" data-end=\"254\">reflexi\u00f3n cr\u00edtica<\/strong>\u00a0y refuerzan la\u00a0<strong data-start=\"270\" data-end=\"294\" data-is-only-node=\"\">cultura de seguridad<\/strong>\u00a0en todos los niveles: la del paciente, la de la ciudadan\u00eda y la de quienes formamos parte del sistema sanitario.<br data-start=\"409\" data-end=\"412\" \/>Ll\u00e9valos a tu espacio de trabajo, oficina o casa\u2026 y deja que cada mensaje inspire acci\u00f3n.<\/p>\n<hr \/>\n<p>L\u00e1mina de m\u00e1xima calidad producida en Espa\u00f1a con papel fotogr\u00e1fico y impresi\u00f3n UV de alta resoluci\u00f3n que asegura unos colores vivos y potentes.<\/p>\n<p>Tama\u00f1o: 30cm de ancho x 40cm de alto.<\/p>\n<p>No incluye marco.<\/p>","protected":false},"excerpt":{"rendered":"<p><strong data-start=\"110\" data-end=\"146\">Si me ves atragant\u00e1ndome\u2026 act\u00faa.<\/strong><br data-start=\"146\" data-end=\"149\" \/>Cada segundo cuenta. Reconocer los signos de una obstrucci\u00f3n de la v\u00eda a\u00e9rea y aplicar la maniobra correcta puede marcar la diferencia entre la vida y la muerte.<\/p>\n<p>Este p\u00f3ster tipo l\u00e1mina de 30 cm de ancho por 40 cm de alto incluye el algoritmo visual que te gu\u00eda, paso a paso, para actuar con rapidez y seguridad. Un recurso \u00fatil en restaurantes, comedores colectivos, escuelas y cualquier espacio p\u00fablico, para difundir la cultura de los primeros auxilios y estar preparados para salvar vidas.<\/p>","protected":false},"featured_media":2836,"comment_status":"open","ping_status":"closed","template":"","meta":{"neve_meta_sidebar":"","neve_meta_container":"","neve_meta_enable_content_width":"off","neve_meta_content_width":100,"neve_meta_title_alignment":"","neve_meta_author_avatar":"","neve_post_elements_order":"","neve_meta_disable_header":"","neve_meta_disable_footer":"","neve_meta_disable_title":""},"product_brand":[],"product_cat":[34,31],"product_tag":[],"class_list":{"0":"post-2833","1":"product","2":"type-product","3":"status-publish","4":"has-post-thumbnail","6":"product_cat-posters","7":"product_cat-products","9":"first","10":"instock","11":"purchasable","12":"product-type-variable"},"yoast_head":"<!-- This site is optimized with the Yoast SEO plugin v26.6 - https:\/\/yoast.com\/wordpress\/plugins\/seo\/ -->\n<title>Gu\u00eda de Primeros Auxilios Atragantamiento. P\u00f3ster | coSIMULATION<\/title>\n<meta name=\"description\" content=\"P\u00f3ster ideal para llevar a tu oficina, hogar o trabajo. Tama\u00f1o ideal para colocarlo en cualquier sitio. Difunde los valores del sector sanitario con estilo.\" \/>\n<meta name=\"robots\" content=\"index, follow, max-snippet:-1, max-image-preview:large, max-video-preview:-1\" \/>\n<link rel=\"canonical\" href=\"https:\/\/cosimulation.es\/cat\/producte\/guia-de-primeros-auxilios-atragantamiento-poster\/\" \/>\n<meta property=\"og:locale\" content=\"ca_ES\" \/>\n<meta property=\"og:type\" content=\"article\" \/>\n<meta property=\"og:title\" content=\"Gu\u00eda de Primeros Auxilios Atragantamiento. P\u00f3ster | coSIMULATION\" \/>\n<meta property=\"og:description\" content=\"P\u00f3ster ideal para llevar a tu oficina, hogar o trabajo. Tama\u00f1o ideal para colocarlo en cualquier sitio. Difunde los valores del sector sanitario con estilo.\" \/>\n<meta property=\"og:url\" content=\"https:\/\/cosimulation.es\/cat\/producte\/guia-de-primeros-auxilios-atragantamiento-poster\/\" \/>\n<meta property=\"og:site_name\" content=\"coSIMULATION\" \/>\n<meta property=\"article:publisher\" content=\"https:\/\/www.instagram.com\/cosimulation.es\/\" \/>\n<meta property=\"article:modified_time\" content=\"2025-08-14T15:32:38+00:00\" \/>\n<meta property=\"og:image\" content=\"https:\/\/cosimulation.es\/wp-content\/uploads\/2025\/07\/design13_img1.jpg\" \/>\n\t<meta property=\"og:image:width\" content=\"1000\" \/>\n\t<meta property=\"og:image:height\" content=\"1000\" \/>\n\t<meta property=\"og:image:type\" content=\"image\/jpeg\" \/>\n<meta name=\"twitter:card\" content=\"summary_large_image\" \/>\n<meta name=\"twitter:label1\" content=\"Temps estimat de lectura\" \/>\n\t<meta name=\"twitter:data1\" content=\"1 minut\" \/>\n<script type=\"application\/ld+json\" class=\"yoast-schema-graph\">{\"@context\":\"https:\/\/schema.org\",\"@graph\":[{\"@type\":\"WebPage\",\"@id\":\"https:\/\/cosimulation.es\/producto\/guia-de-primeros-auxilios-atragantamiento-poster\/\",\"url\":\"https:\/\/cosimulation.es\/producto\/guia-de-primeros-auxilios-atragantamiento-poster\/\",\"name\":\"Gu\u00eda de Primeros Auxilios Atragantamiento. P\u00f3ster | coSIMULATION\",\"isPartOf\":{\"@id\":\"https:\/\/cosimulation.es\/#website\"},\"primaryImageOfPage\":{\"@id\":\"https:\/\/cosimulation.es\/producto\/guia-de-primeros-auxilios-atragantamiento-poster\/#primaryimage\"},\"image\":{\"@id\":\"https:\/\/cosimulation.es\/producto\/guia-de-primeros-auxilios-atragantamiento-poster\/#primaryimage\"},\"thumbnailUrl\":\"https:\/\/cosimulation.es\/wp-content\/uploads\/2025\/07\/design13_img1.jpg\",\"datePublished\":\"2025-07-31T09:32:42+00:00\",\"dateModified\":\"2025-08-14T15:32:38+00:00\",\"description\":\"P\u00f3ster ideal para llevar a tu oficina, hogar o trabajo. Tama\u00f1o ideal para colocarlo en cualquier sitio. Difunde los valores del sector sanitario con estilo.\",\"breadcrumb\":{\"@id\":\"https:\/\/cosimulation.es\/producto\/guia-de-primeros-auxilios-atragantamiento-poster\/#breadcrumb\"},\"inLanguage\":\"ca\",\"potentialAction\":[{\"@type\":\"ReadAction\",\"target\":[\"https:\/\/cosimulation.es\/producto\/guia-de-primeros-auxilios-atragantamiento-poster\/\"]}]},{\"@type\":\"ImageObject\",\"inLanguage\":\"ca\",\"@id\":\"https:\/\/cosimulation.es\/producto\/guia-de-primeros-auxilios-atragantamiento-poster\/#primaryimage\",\"url\":\"https:\/\/cosimulation.es\/wp-content\/uploads\/2025\/07\/design13_img1.jpg\",\"contentUrl\":\"https:\/\/cosimulation.es\/wp-content\/uploads\/2025\/07\/design13_img1.jpg\",\"width\":1000,\"height\":1000,\"caption\":\"Primeros Auxilios Atragantamiento P\u00f3ster\"},{\"@type\":\"BreadcrumbList\",\"@id\":\"https:\/\/cosimulation.es\/producto\/guia-de-primeros-auxilios-atragantamiento-poster\/#breadcrumb\",\"itemListElement\":[{\"@type\":\"ListItem\",\"position\":1,\"name\":\"Portada\",\"item\":\"https:\/\/cosimulation.es\/\"},{\"@type\":\"ListItem\",\"position\":2,\"name\":\"Tienda Beta\",\"item\":\"https:\/\/cosimulation.es\/tienda-beta\/\"},{\"@type\":\"ListItem\",\"position\":3,\"name\":\"Gu\u00eda de Primeros Auxilios Atragantamiento. P\u00f3ster\"}]},{\"@type\":\"WebSite\",\"@id\":\"https:\/\/cosimulation.es\/#website\",\"url\":\"https:\/\/cosimulation.es\/\",\"name\":\"coSIMULATION\",\"description\":\"Formaci\u00f3n sanitaria\",\"publisher\":{\"@id\":\"https:\/\/cosimulation.es\/#organization\"},\"potentialAction\":[{\"@type\":\"SearchAction\",\"target\":{\"@type\":\"EntryPoint\",\"urlTemplate\":\"https:\/\/cosimulation.es\/?s={search_term_string}\"},\"query-input\":{\"@type\":\"PropertyValueSpecification\",\"valueRequired\":true,\"valueName\":\"search_term_string\"}}],\"inLanguage\":\"ca\"},{\"@type\":\"Organization\",\"@id\":\"https:\/\/cosimulation.es\/#organization\",\"name\":\"coSIMULATION\",\"url\":\"https:\/\/cosimulation.es\/\",\"logo\":{\"@type\":\"ImageObject\",\"inLanguage\":\"ca\",\"@id\":\"https:\/\/cosimulation.es\/#\/schema\/logo\/image\/\",\"url\":\"https:\/\/cosimulation.es\/wp-content\/uploads\/2024\/01\/LOGO-coSIMULATION.png\",\"contentUrl\":\"https:\/\/cosimulation.es\/wp-content\/uploads\/2024\/01\/LOGO-coSIMULATION.png\",\"width\":500,\"height\":274,\"caption\":\"coSIMULATION\"},\"image\":{\"@id\":\"https:\/\/cosimulation.es\/#\/schema\/logo\/image\/\"},\"sameAs\":[\"https:\/\/www.instagram.com\/cosimulation.es\/\"]}]}<\/script>\n<!-- \/ Yoast SEO plugin. -->","yoast_head_json":{"title":"Gu\u00eda de Primeros Auxilios Atragantamiento. P\u00f3ster | coSIMULATION","description":"P\u00f3ster ideal para llevar a tu oficina, hogar o trabajo. Tama\u00f1o ideal para colocarlo en cualquier sitio. Difunde los valores del sector sanitario con estilo.","robots":{"index":"index","follow":"follow","max-snippet":"max-snippet:-1","max-image-preview":"max-image-preview:large","max-video-preview":"max-video-preview:-1"},"canonical":"https:\/\/cosimulation.es\/cat\/producte\/guia-de-primeros-auxilios-atragantamiento-poster\/","og_locale":"ca_ES","og_type":"article","og_title":"Gu\u00eda de Primeros Auxilios Atragantamiento. P\u00f3ster | coSIMULATION","og_description":"P\u00f3ster ideal para llevar a tu oficina, hogar o trabajo. Tama\u00f1o ideal para colocarlo en cualquier sitio. Difunde los valores del sector sanitario con estilo.","og_url":"https:\/\/cosimulation.es\/cat\/producte\/guia-de-primeros-auxilios-atragantamiento-poster\/","og_site_name":"coSIMULATION","article_publisher":"https:\/\/www.instagram.com\/cosimulation.es\/","article_modified_time":"2025-08-14T15:32:38+00:00","og_image":[{"width":1000,"height":1000,"url":"https:\/\/cosimulation.es\/wp-content\/uploads\/2025\/07\/design13_img1.jpg","type":"image\/jpeg"}],"twitter_card":"summary_large_image","twitter_misc":{"Temps estimat de lectura":"1 minut"},"schema":{"@context":"https:\/\/schema.org","@graph":[{"@type":"WebPage","@id":"https:\/\/cosimulation.es\/producto\/guia-de-primeros-auxilios-atragantamiento-poster\/","url":"https:\/\/cosimulation.es\/producto\/guia-de-primeros-auxilios-atragantamiento-poster\/","name":"Gu\u00eda de Primeros Auxilios Atragantamiento. P\u00f3ster | coSIMULATION","isPartOf":{"@id":"https:\/\/cosimulation.es\/#website"},"primaryImageOfPage":{"@id":"https:\/\/cosimulation.es\/producto\/guia-de-primeros-auxilios-atragantamiento-poster\/#primaryimage"},"image":{"@id":"https:\/\/cosimulation.es\/producto\/guia-de-primeros-auxilios-atragantamiento-poster\/#primaryimage"},"thumbnailUrl":"https:\/\/cosimulation.es\/wp-content\/uploads\/2025\/07\/design13_img1.jpg","datePublished":"2025-07-31T09:32:42+00:00","dateModified":"2025-08-14T15:32:38+00:00","description":"P\u00f3ster ideal para llevar a tu oficina, hogar o trabajo. Tama\u00f1o ideal para colocarlo en cualquier sitio. Difunde los valores del sector sanitario con estilo.","breadcrumb":{"@id":"https:\/\/cosimulation.es\/producto\/guia-de-primeros-auxilios-atragantamiento-poster\/#breadcrumb"},"inLanguage":"ca","potentialAction":[{"@type":"ReadAction","target":["https:\/\/cosimulation.es\/producto\/guia-de-primeros-auxilios-atragantamiento-poster\/"]}]},{"@type":"ImageObject","inLanguage":"ca","@id":"https:\/\/cosimulation.es\/producto\/guia-de-primeros-auxilios-atragantamiento-poster\/#primaryimage","url":"https:\/\/cosimulation.es\/wp-content\/uploads\/2025\/07\/design13_img1.jpg","contentUrl":"https:\/\/cosimulation.es\/wp-content\/uploads\/2025\/07\/design13_img1.jpg","width":1000,"height":1000,"caption":"Primeros Auxilios Atragantamiento P\u00f3ster"},{"@type":"BreadcrumbList","@id":"https:\/\/cosimulation.es\/producto\/guia-de-primeros-auxilios-atragantamiento-poster\/#breadcrumb","itemListElement":[{"@type":"ListItem","position":1,"name":"Portada","item":"https:\/\/cosimulation.es\/"},{"@type":"ListItem","position":2,"name":"Tienda Beta","item":"https:\/\/cosimulation.es\/tienda-beta\/"},{"@type":"ListItem","position":3,"name":"Gu\u00eda de Primeros Auxilios Atragantamiento. P\u00f3ster"}]},{"@type":"WebSite","@id":"https:\/\/cosimulation.es\/#website","url":"https:\/\/cosimulation.es\/","name":"coSIMULATION","description":"Formaci\u00f3n sanitaria","publisher":{"@id":"https:\/\/cosimulation.es\/#organization"},"potentialAction":[{"@type":"SearchAction","target":{"@type":"EntryPoint","urlTemplate":"https:\/\/cosimulation.es\/?s={search_term_string}"},"query-input":{"@type":"PropertyValueSpecification","valueRequired":true,"valueName":"search_term_string"}}],"inLanguage":"ca"},{"@type":"Organization","@id":"https:\/\/cosimulation.es\/#organization","name":"coSIMULATION","url":"https:\/\/cosimulation.es\/","logo":{"@type":"ImageObject","inLanguage":"ca","@id":"https:\/\/cosimulation.es\/#\/schema\/logo\/image\/","url":"https:\/\/cosimulation.es\/wp-content\/uploads\/2024\/01\/LOGO-coSIMULATION.png","contentUrl":"https:\/\/cosimulation.es\/wp-content\/uploads\/2024\/01\/LOGO-coSIMULATION.png","width":500,"height":274,"caption":"coSIMULATION"},"image":{"@id":"https:\/\/cosimulation.es\/#\/schema\/logo\/image\/"},"sameAs":["https:\/\/www.instagram.com\/cosimulation.es\/"]}]}},"jetpack_sharing_enabled":true,"publishpress_future_action":{"enabled":false,"date":"2026-04-26 09:05:44","action":"change-status","newStatus":"draft","terms":[],"taxonomy":"product_brand","extraData":[]},"publishpress_future_workflow_manual_trigger":{"enabledWorkflows":[]},"_links":{"self":[{"href":"https:\/\/cosimulation.es\/cat\/wp-json\/wp\/v2\/product\/2833","targetHints":{"allow":["GET"]}}],"collection":[{"href":"https:\/\/cosimulation.es\/cat\/wp-json\/wp\/v2\/product"}],"about":[{"href":"https:\/\/cosimulation.es\/cat\/wp-json\/wp\/v2\/types\/product"}],"replies":[{"embeddable":true,"href":"https:\/\/cosimulation.es\/cat\/wp-json\/wp\/v2\/comments?post=2833"}],"wp:featuredmedia":[{"embeddable":true,"href":"https:\/\/cosimulation.es\/cat\/wp-json\/wp\/v2\/media\/2836"}],"wp:attachment":[{"href":"https:\/\/cosimulation.es\/cat\/wp-json\/wp\/v2\/media?parent=2833"}],"wp:term":[{"taxonomy":"product_brand","embeddable":true,"href":"https:\/\/cosimulation.es\/cat\/wp-json\/wp\/v2\/product_brand?post=2833"},{"taxonomy":"product_cat","embeddable":true,"href":"https:\/\/cosimulation.es\/cat\/wp-json\/wp\/v2\/product_cat?post=2833"},{"taxonomy":"product_tag","embeddable":true,"href":"https:\/\/cosimulation.es\/cat\/wp-json\/wp\/v2\/product_tag?post=2833"}],"curies":[{"name":"wp","href":"https:\/\/api.w.org\/{rel}","templated":true}]}}