{"id":487,"date":"2024-04-08T10:49:28","date_gmt":"2024-04-08T10:49:28","guid":{"rendered":"https:\/\/cosimulation.es\/?page_id=487"},"modified":"2024-11-10T20:04:27","modified_gmt":"2024-11-10T20:04:27","slug":"formacion","status":"publish","type":"page","link":"https:\/\/cosimulation.es\/cat\/formacion\/","title":{"rendered":"Formaci\u00f3n"},"content":{"rendered":"<div data-elementor-type=\"wp-page\" data-elementor-id=\"487\" class=\"elementor elementor-487\" data-elementor-post-type=\"page\">\n\t\t\t\t<div class=\"elementor-element elementor-element-21308f23 e-flex e-con-boxed e-con e-parent\" data-id=\"21308f23\" data-element_type=\"container\" data-e-type=\"container\" data-settings=\"{&quot;background_background&quot;:&quot;classic&quot;}\">\n\t\t\t\t\t<div class=\"e-con-inner\">\n\t\t\t\t<div class=\"elementor-element elementor-element-26488ec4 elementor-widget elementor-widget-heading\" data-id=\"26488ec4\" data-element_type=\"widget\" data-e-type=\"widget\" data-widget_type=\"heading.default\">\n\t\t\t\t<div class=\"elementor-widget-container\">\n\t\t\t\t\t<h1 class=\"elementor-heading-title elementor-size-default\">SUPORT<\/h1>\t\t\t\t<\/div>\n\t\t\t\t<\/div>\n\t\t<div class=\"elementor-element elementor-element-6ef7d7f8 e-flex e-con-boxed e-con e-child\" data-id=\"6ef7d7f8\" data-element_type=\"container\" data-e-type=\"container\">\n\t\t\t\t\t<div class=\"e-con-inner\">\n\t\t<div class=\"elementor-element elementor-element-499642a2 e-flex e-con-boxed e-con e-child\" data-id=\"499642a2\" data-element_type=\"container\" data-e-type=\"container\" data-settings=\"{&quot;background_background&quot;:&quot;classic&quot;}\">\n\t\t\t\t\t<div class=\"e-con-inner\">\n\t\t\t\t<div class=\"elementor-element elementor-element-75ec2832 elementor-view-stacked elementor-shape-circle elementor-position-block-start elementor-mobile-position-block-start elementor-widget elementor-widget-icon-box\" data-id=\"75ec2832\" data-element_type=\"widget\" data-e-type=\"widget\" data-widget_type=\"icon-box.default\">\n\t\t\t\t<div class=\"elementor-widget-container\">\n\t\t\t\t\t\t\t<div class=\"elementor-icon-box-wrapper\">\n\n\t\t\t\t\t\t<div class=\"elementor-icon-box-icon\">\n\t\t\t\t<span  class=\"elementor-icon\">\n\t\t\t\t<svg aria-hidden=\"true\" class=\"e-font-icon-svg e-far-gem\" viewbox=\"0 0 576 512\" xmlns=\"http:\/\/www.w3.org\/2000\/svg\"><path d=\"M464 0H112c-4 0-7.8 2-10 5.4L2 152.6c-2.9 4.4-2.6 10.2.7 14.2l276 340.8c4.8 5.9 13.8 5.9 18.6 0l276-340.8c3.3-4.1 3.6-9.8.7-14.2L474.1 5.4C471.8 2 468.1 0 464 0zm-19.3 48l63.3 96h-68.4l-51.7-96h56.8zm-202.1 0h90.7l51.7 96H191l51.6-96zm-111.3 0h56.8l-51.7 96H68l63.3-96zm-43 144h51.4L208 352 88.3 192zm102.9 0h193.6L288 435.3 191.2 192zM368 352l68.2-160h51.4L368 352z\"><\/path><\/svg>\t\t\t\t<\/span>\n\t\t\t<\/div>\n\t\t\t\n\t\t\t\t\t\t<div class=\"elementor-icon-box-content\">\n\n\t\t\t\t\t\t\t\t\t<h3 class=\"elementor-icon-box-title\">\n\t\t\t\t\t\t<span  >\n\t\t\t\t\t\t\tSikkhona\u00ae\t\t\t\t\t\t<\/span>\n\t\t\t\t\t<\/h3>\n\t\t\t\t\n\t\t\t\t\n\t\t\t<\/div>\n\t\t\t\n\t\t<\/div>\n\t\t\t\t\t\t<\/div>\n\t\t\t\t<\/div>\n\t\t\t\t<div class=\"elementor-element elementor-element-22881a4 elementor-widget elementor-widget-text-editor\" data-id=\"22881a4\" data-element_type=\"widget\" data-e-type=\"widget\" data-widget_type=\"text-editor.default\">\n\t\t\t\t<div class=\"elementor-widget-container\">\n\t\t\t\t\t\t\t\t\t<p>Sikkhona\u00ae \u00e9s un model que explica les diferents etapes per les que passen els equips (algunes molt productives, altres perillosament destructives). Aquesta valoraci\u00f3 permet un diagn\u00f2stic d\u2019equip i proposa les din\u00e0miques i accions a realitzar per guanyar en cohesi\u00f3 d\u2019equip i confian\u00e7a.<\/p>\t\t\t\t\t\t\t\t<\/div>\n\t\t\t\t<\/div>\n\t\t\t\t<div class=\"elementor-element elementor-element-3cfe230e elementor-align-center elementor-widget elementor-widget-button\" data-id=\"3cfe230e\" data-element_type=\"widget\" data-e-type=\"widget\" data-widget_type=\"button.default\">\n\t\t\t\t<div class=\"elementor-widget-container\">\n\t\t\t\t\t\t\t\t\t<div class=\"elementor-button-wrapper\">\n\t\t\t\t\t<a class=\"elementor-button elementor-button-link elementor-size-sm\" href=\"https:\/\/cosimulation.es\/cat\/contacto\/\">\n\t\t\t\t\t\t<span class=\"elementor-button-content-wrapper\">\n\t\t\t\t\t\t\t\t\t<span class=\"elementor-button-text\">CON\u00c8IXER M\u00c9S...<\/span>\n\t\t\t\t\t<\/span>\n\t\t\t\t\t<\/a>\n\t\t\t\t<\/div>\n\t\t\t\t\t\t\t\t<\/div>\n\t\t\t\t<\/div>\n\t\t\t\t\t<\/div>\n\t\t\t\t<\/div>\n\t\t<div class=\"elementor-element elementor-element-ffe5313 e-flex e-con-boxed e-con e-child\" data-id=\"ffe5313\" data-element_type=\"container\" data-e-type=\"container\" data-settings=\"{&quot;background_background&quot;:&quot;classic&quot;}\">\n\t\t\t\t\t<div class=\"e-con-inner\">\n\t\t\t\t<div class=\"elementor-element elementor-element-783b2114 elementor-view-stacked elementor-shape-circle elementor-position-block-start elementor-mobile-position-block-start elementor-widget elementor-widget-icon-box\" data-id=\"783b2114\" data-element_type=\"widget\" data-e-type=\"widget\" data-widget_type=\"icon-box.default\">\n\t\t\t\t<div class=\"elementor-widget-container\">\n\t\t\t\t\t\t\t<div class=\"elementor-icon-box-wrapper\">\n\n\t\t\t\t\t\t<div class=\"elementor-icon-box-icon\">\n\t\t\t\t<span  class=\"elementor-icon\">\n\t\t\t\t<svg aria-hidden=\"true\" class=\"e-font-icon-svg e-fas-chart-line\" viewbox=\"0 0 512 512\" xmlns=\"http:\/\/www.w3.org\/2000\/svg\"><path d=\"M496 384H64V80c0-8.84-7.16-16-16-16H16C7.16 64 0 71.16 0 80v336c0 17.67 14.33 32 32 32h464c8.84 0 16-7.16 16-16v-32c0-8.84-7.16-16-16-16zM464 96H345.94c-21.38 0-32.09 25.85-16.97 40.97l32.4 32.4L288 242.75l-73.37-73.37c-12.5-12.5-32.76-12.5-45.25 0l-68.69 68.69c-6.25 6.25-6.25 16.38 0 22.63l22.62 22.62c6.25 6.25 16.38 6.25 22.63 0L192 237.25l73.37 73.37c12.5 12.5 32.76 12.5 45.25 0l96-96 32.4 32.4c15.12 15.12 40.97 4.41 40.97-16.97V112c.01-8.84-7.15-16-15.99-16z\"><\/path><\/svg>\t\t\t\t<\/span>\n\t\t\t<\/div>\n\t\t\t\n\t\t\t\t\t\t<div class=\"elementor-icon-box-content\">\n\n\t\t\t\t\t\t\t\t\t<h3 class=\"elementor-icon-box-title\">\n\t\t\t\t\t\t<span  >\n\t\t\t\t\t\t\tModel Bridge\u00ae\t\t\t\t\t\t<\/span>\n\t\t\t\t\t<\/h3>\n\t\t\t\t\n\t\t\t\t\n\t\t\t<\/div>\n\t\t\t\n\t\t<\/div>\n\t\t\t\t\t\t<\/div>\n\t\t\t\t<\/div>\n\t\t\t\t<div class=\"elementor-element elementor-element-e9e83fd elementor-widget elementor-widget-text-editor\" data-id=\"e9e83fd\" data-element_type=\"widget\" data-e-type=\"widget\" data-widget_type=\"text-editor.default\">\n\t\t\t\t<div class=\"elementor-widget-container\">\n\t\t\t\t\t\t\t\t\t<p>Bridge\u00ae \u00e9s un a eina psicom\u00e8trica que ajuda a descobrir l\u2019estil relacional que utilitzen les persones. Tots som diferents, tenim la nostra forma d\u2019expressar-nos i ens agrada, o ens connecta, amb una determinada forma de comunicar. La metodologia Bridge\u00ae explora d\u2019una manera simple i intu\u00eftiva els diferents estils relacionals i aix\u00ed facilitar les relacions interpersonals.<\/p>\t\t\t\t\t\t\t\t<\/div>\n\t\t\t\t<\/div>\n\t\t\t\t<div class=\"elementor-element elementor-element-666dfa06 elementor-align-center elementor-widget elementor-widget-button\" data-id=\"666dfa06\" data-element_type=\"widget\" data-e-type=\"widget\" data-widget_type=\"button.default\">\n\t\t\t\t<div class=\"elementor-widget-container\">\n\t\t\t\t\t\t\t\t\t<div class=\"elementor-button-wrapper\">\n\t\t\t\t\t<a class=\"elementor-button elementor-button-link elementor-size-sm\" href=\"https:\/\/cosimulation.es\/cat\/contacto\/\">\n\t\t\t\t\t\t<span class=\"elementor-button-content-wrapper\">\n\t\t\t\t\t\t\t\t\t<span class=\"elementor-button-text\">CON\u00c8IXER M\u00c9S...<\/span>\n\t\t\t\t\t<\/span>\n\t\t\t\t\t<\/a>\n\t\t\t\t<\/div>\n\t\t\t\t\t\t\t\t<\/div>\n\t\t\t\t<\/div>\n\t\t\t\t\t<\/div>\n\t\t\t\t<\/div>\n\t\t\t\t\t<\/div>\n\t\t\t\t<\/div>\n\t\t\t\t\t<\/div>\n\t\t\t\t<\/div>\n\t\t\t\t<\/div>","protected":false},"excerpt":{"rendered":"<p>SUPORT Sikkhona\u00ae Sikkhona\u00ae \u00e9s un model que explica les diferents etapes per les que passen els equips (algunes molt productives, altres perillosament destructives). Aquesta valoraci\u00f3 permet un diagn\u00f2stic d\u2019equip i proposa les din\u00e0miques i accions a realitzar per guanyar en cohesi\u00f3 d\u2019equip i confian\u00e7a. CON\u00c8IXER M\u00c9S&#8230; Model Bridge\u00ae Bridge\u00ae \u00e9s un a eina psicom\u00e8trica que&hellip;&nbsp;<a href=\"https:\/\/cosimulation.es\/cat\/formacion\/\" rel=\"bookmark\"><span class=\"screen-reader-text\">Formaci\u00f3n<\/span><\/a><\/p>","protected":false},"author":1,"featured_media":0,"parent":0,"menu_order":0,"comment_status":"closed","ping_status":"closed","template":"","meta":{"neve_meta_sidebar":"","neve_meta_container":"","neve_meta_enable_content_width":"","neve_meta_content_width":0,"neve_meta_title_alignment":"","neve_meta_author_avatar":"","neve_post_elements_order":"","neve_meta_disable_header":"","neve_meta_disable_footer":"","neve_meta_disable_title":"","footnotes":""},"class_list":["post-487","page","type-page","status-publish","hentry"],"yoast_head":"<!-- This site is optimized with the Yoast SEO plugin v26.6 - https:\/\/yoast.com\/wordpress\/plugins\/seo\/ -->\n<title>Formaci\u00f3n | coSIMULATION<\/title>\n<meta name=\"robots\" content=\"index, follow, max-snippet:-1, max-image-preview:large, max-video-preview:-1\" \/>\n<link rel=\"canonical\" href=\"https:\/\/cosimulation.es\/cat\/formacion\/\" \/>\n<meta property=\"og:locale\" content=\"ca_ES\" \/>\n<meta property=\"og:type\" content=\"article\" \/>\n<meta property=\"og:title\" content=\"Formaci\u00f3n | coSIMULATION\" \/>\n<meta property=\"og:description\" content=\"SUPORT Sikkhona\u00ae Sikkhona\u00ae \u00e9s un model que explica les diferents etapes per les que passen els equips (algunes molt productives, altres perillosament destructives). Aquesta valoraci\u00f3 permet un diagn\u00f2stic d\u2019equip i proposa les din\u00e0miques i accions a realitzar per guanyar en cohesi\u00f3 d\u2019equip i confian\u00e7a. CON\u00c8IXER M\u00c9S&#8230; Model Bridge\u00ae Bridge\u00ae \u00e9s un a eina psicom\u00e8trica que&hellip;&nbsp;Formaci\u00f3n\" \/>\n<meta property=\"og:url\" content=\"https:\/\/cosimulation.es\/cat\/formacion\/\" \/>\n<meta property=\"og:site_name\" content=\"coSIMULATION\" \/>\n<meta property=\"article:publisher\" content=\"https:\/\/www.instagram.com\/cosimulation.es\/\" \/>\n<meta property=\"article:modified_time\" content=\"2024-11-10T20:04:27+00:00\" \/>\n<meta name=\"twitter:card\" content=\"summary_large_image\" \/>\n<meta name=\"twitter:label1\" content=\"Temps estimat de lectura\" \/>\n\t<meta name=\"twitter:data1\" content=\"1 minut\" \/>\n<script type=\"application\/ld+json\" class=\"yoast-schema-graph\">{\"@context\":\"https:\/\/schema.org\",\"@graph\":[{\"@type\":\"WebPage\",\"@id\":\"https:\/\/cosimulation.es\/formacion\/\",\"url\":\"https:\/\/cosimulation.es\/formacion\/\",\"name\":\"Formaci\u00f3n | coSIMULATION\",\"isPartOf\":{\"@id\":\"https:\/\/cosimulation.es\/#website\"},\"datePublished\":\"2024-04-08T10:49:28+00:00\",\"dateModified\":\"2024-11-10T20:04:27+00:00\",\"breadcrumb\":{\"@id\":\"https:\/\/cosimulation.es\/formacion\/#breadcrumb\"},\"inLanguage\":\"ca\",\"potentialAction\":[{\"@type\":\"ReadAction\",\"target\":[\"https:\/\/cosimulation.es\/formacion\/\"]}]},{\"@type\":\"BreadcrumbList\",\"@id\":\"https:\/\/cosimulation.es\/formacion\/#breadcrumb\",\"itemListElement\":[{\"@type\":\"ListItem\",\"position\":1,\"name\":\"Portada\",\"item\":\"https:\/\/cosimulation.es\/\"},{\"@type\":\"ListItem\",\"position\":2,\"name\":\"Formaci\u00f3n\"}]},{\"@type\":\"WebSite\",\"@id\":\"https:\/\/cosimulation.es\/#website\",\"url\":\"https:\/\/cosimulation.es\/\",\"name\":\"coSIMULATION\",\"description\":\"Formaci\u00f3n sanitaria\",\"publisher\":{\"@id\":\"https:\/\/cosimulation.es\/#organization\"},\"potentialAction\":[{\"@type\":\"SearchAction\",\"target\":{\"@type\":\"EntryPoint\",\"urlTemplate\":\"https:\/\/cosimulation.es\/?s={search_term_string}\"},\"query-input\":{\"@type\":\"PropertyValueSpecification\",\"valueRequired\":true,\"valueName\":\"search_term_string\"}}],\"inLanguage\":\"ca\"},{\"@type\":\"Organization\",\"@id\":\"https:\/\/cosimulation.es\/#organization\",\"name\":\"coSIMULATION\",\"url\":\"https:\/\/cosimulation.es\/\",\"logo\":{\"@type\":\"ImageObject\",\"inLanguage\":\"ca\",\"@id\":\"https:\/\/cosimulation.es\/#\/schema\/logo\/image\/\",\"url\":\"https:\/\/cosimulation.es\/wp-content\/uploads\/2024\/01\/LOGO-coSIMULATION.png\",\"contentUrl\":\"https:\/\/cosimulation.es\/wp-content\/uploads\/2024\/01\/LOGO-coSIMULATION.png\",\"width\":500,\"height\":274,\"caption\":\"coSIMULATION\"},\"image\":{\"@id\":\"https:\/\/cosimulation.es\/#\/schema\/logo\/image\/\"},\"sameAs\":[\"https:\/\/www.instagram.com\/cosimulation.es\/\"]}]}<\/script>\n<!-- \/ Yoast SEO plugin. -->","yoast_head_json":{"title":"Formaci\u00f3n | coSIMULATION","robots":{"index":"index","follow":"follow","max-snippet":"max-snippet:-1","max-image-preview":"max-image-preview:large","max-video-preview":"max-video-preview:-1"},"canonical":"https:\/\/cosimulation.es\/cat\/formacion\/","og_locale":"ca_ES","og_type":"article","og_title":"Formaci\u00f3n | coSIMULATION","og_description":"SUPORT Sikkhona\u00ae Sikkhona\u00ae \u00e9s un model que explica les diferents etapes per les que passen els equips (algunes molt productives, altres perillosament destructives). Aquesta valoraci\u00f3 permet un diagn\u00f2stic d\u2019equip i proposa les din\u00e0miques i accions a realitzar per guanyar en cohesi\u00f3 d\u2019equip i confian\u00e7a. CON\u00c8IXER M\u00c9S&#8230; Model Bridge\u00ae Bridge\u00ae \u00e9s un a eina psicom\u00e8trica que&hellip;&nbsp;Formaci\u00f3n","og_url":"https:\/\/cosimulation.es\/cat\/formacion\/","og_site_name":"coSIMULATION","article_publisher":"https:\/\/www.instagram.com\/cosimulation.es\/","article_modified_time":"2024-11-10T20:04:27+00:00","twitter_card":"summary_large_image","twitter_misc":{"Temps estimat de lectura":"1 minut"},"schema":{"@context":"https:\/\/schema.org","@graph":[{"@type":"WebPage","@id":"https:\/\/cosimulation.es\/formacion\/","url":"https:\/\/cosimulation.es\/formacion\/","name":"Formaci\u00f3n | coSIMULATION","isPartOf":{"@id":"https:\/\/cosimulation.es\/#website"},"datePublished":"2024-04-08T10:49:28+00:00","dateModified":"2024-11-10T20:04:27+00:00","breadcrumb":{"@id":"https:\/\/cosimulation.es\/formacion\/#breadcrumb"},"inLanguage":"ca","potentialAction":[{"@type":"ReadAction","target":["https:\/\/cosimulation.es\/formacion\/"]}]},{"@type":"BreadcrumbList","@id":"https:\/\/cosimulation.es\/formacion\/#breadcrumb","itemListElement":[{"@type":"ListItem","position":1,"name":"Portada","item":"https:\/\/cosimulation.es\/"},{"@type":"ListItem","position":2,"name":"Formaci\u00f3n"}]},{"@type":"WebSite","@id":"https:\/\/cosimulation.es\/#website","url":"https:\/\/cosimulation.es\/","name":"coSIMULATION","description":"Formaci\u00f3n sanitaria","publisher":{"@id":"https:\/\/cosimulation.es\/#organization"},"potentialAction":[{"@type":"SearchAction","target":{"@type":"EntryPoint","urlTemplate":"https:\/\/cosimulation.es\/?s={search_term_string}"},"query-input":{"@type":"PropertyValueSpecification","valueRequired":true,"valueName":"search_term_string"}}],"inLanguage":"ca"},{"@type":"Organization","@id":"https:\/\/cosimulation.es\/#organization","name":"coSIMULATION","url":"https:\/\/cosimulation.es\/","logo":{"@type":"ImageObject","inLanguage":"ca","@id":"https:\/\/cosimulation.es\/#\/schema\/logo\/image\/","url":"https:\/\/cosimulation.es\/wp-content\/uploads\/2024\/01\/LOGO-coSIMULATION.png","contentUrl":"https:\/\/cosimulation.es\/wp-content\/uploads\/2024\/01\/LOGO-coSIMULATION.png","width":500,"height":274,"caption":"coSIMULATION"},"image":{"@id":"https:\/\/cosimulation.es\/#\/schema\/logo\/image\/"},"sameAs":["https:\/\/www.instagram.com\/cosimulation.es\/"]}]}},"jetpack_sharing_enabled":true,"publishpress_future_action":{"enabled":false,"date":"2026-05-07 09:31:38","action":"change-status","newStatus":"draft","terms":[],"taxonomy":"","extraData":[]},"publishpress_future_workflow_manual_trigger":{"enabledWorkflows":[]},"_links":{"self":[{"href":"https:\/\/cosimulation.es\/cat\/wp-json\/wp\/v2\/pages\/487","targetHints":{"allow":["GET"]}}],"collection":[{"href":"https:\/\/cosimulation.es\/cat\/wp-json\/wp\/v2\/pages"}],"about":[{"href":"https:\/\/cosimulation.es\/cat\/wp-json\/wp\/v2\/types\/page"}],"author":[{"embeddable":true,"href":"https:\/\/cosimulation.es\/cat\/wp-json\/wp\/v2\/users\/1"}],"replies":[{"embeddable":true,"href":"https:\/\/cosimulation.es\/cat\/wp-json\/wp\/v2\/comments?post=487"}],"version-history":[{"count":0,"href":"https:\/\/cosimulation.es\/cat\/wp-json\/wp\/v2\/pages\/487\/revisions"}],"wp:attachment":[{"href":"https:\/\/cosimulation.es\/cat\/wp-json\/wp\/v2\/media?parent=487"}],"curies":[{"name":"wp","href":"https:\/\/api.w.org\/{rel}","templated":true}]}}