{"id":329,"date":"2024-02-15T10:37:24","date_gmt":"2024-02-15T10:37:24","guid":{"rendered":"https:\/\/cosimulation.es\/?page_id=329"},"modified":"2025-07-01T10:37:37","modified_gmt":"2025-07-01T09:37:37","slug":"tu-regalo-ads","status":"publish","type":"page","link":"https:\/\/cosimulation.es\/cat\/tu-regalo-ads\/","title":{"rendered":"Lead Magnet ADS"},"content":{"rendered":"<div data-elementor-type=\"wp-page\" data-elementor-id=\"329\" class=\"elementor elementor-329\" data-elementor-post-type=\"page\">\n\t\t\t\t\t\t<section class=\"elementor-section elementor-top-section elementor-element elementor-element-25c988d2 elementor-section-boxed elementor-section-height-default elementor-section-height-default\" data-id=\"25c988d2\" data-element_type=\"section\" data-e-type=\"section\">\n\t\t\t\t\t\t<div class=\"elementor-container elementor-column-gap-default\">\n\t\t\t\t\t<div class=\"elementor-column elementor-col-100 elementor-top-column elementor-element elementor-element-61e159d5\" data-id=\"61e159d5\" data-element_type=\"column\" data-e-type=\"column\">\n\t\t\t<div class=\"elementor-widget-wrap elementor-element-populated\">\n\t\t\t\t\t\t<div class=\"elementor-element elementor-element-238bc256 elementor-widget elementor-widget-heading\" data-id=\"238bc256\" data-element_type=\"widget\" data-e-type=\"widget\" data-widget_type=\"heading.default\">\n\t\t\t\t<div class=\"elementor-widget-container\">\n\t\t\t\t\t<h3 class=\"elementor-heading-title elementor-size-default\">PER PROFESSIONALS  QUE VOLEN \nACOSTAR-SE A L\u2019EXCEL\u00b7L\u00c8NCIA PROFESSIONAL\n<\/h3>\t\t\t\t<\/div>\n\t\t\t\t<\/div>\n\t\t\t\t<div class=\"elementor-element elementor-element-76f2f69 elementor-widget elementor-widget-heading\" data-id=\"76f2f69\" data-element_type=\"widget\" data-e-type=\"widget\" data-widget_type=\"heading.default\">\n\t\t\t\t<div class=\"elementor-widget-container\">\n\t\t\t\t\t<h3 class=\"elementor-heading-title elementor-size-default\">DESCARREGA DE FORMA GRATU\u00cfTA\n<\/h3>\t\t\t\t<\/div>\n\t\t\t\t<\/div>\n\t\t\t\t<div class=\"elementor-element elementor-element-50cd47d8 elementor-widget elementor-widget-heading\" data-id=\"50cd47d8\" data-element_type=\"widget\" data-e-type=\"widget\" data-widget_type=\"heading.default\">\n\t\t\t\t<div class=\"elementor-widget-container\">\n\t\t\t\t\t<h2 class=\"elementor-heading-title elementor-size-default\">\"Desenvolupa't cap a l'excel\u00b7l\u00e8ncia:\n un Diari d'Aprenentatge exclusiu per a Professionals Sanitaris\"\n<\/h2>\t\t\t\t<\/div>\n\t\t\t\t<\/div>\n\t\t\t\t<div class=\"elementor-element elementor-element-1f4225a7 elementor-widget elementor-widget-heading\" data-id=\"1f4225a7\" data-element_type=\"widget\" data-e-type=\"widget\" data-widget_type=\"heading.default\">\n\t\t\t\t<div class=\"elementor-widget-container\">\n\t\t\t\t\t<h3 class=\"elementor-heading-title elementor-size-default\">PLANTILLA<\/h3>\t\t\t\t<\/div>\n\t\t\t\t<\/div>\n\t\t\t\t<section class=\"elementor-section elementor-inner-section elementor-element elementor-element-2554535a elementor-section-boxed elementor-section-height-default elementor-section-height-default\" data-id=\"2554535a\" data-element_type=\"section\" data-e-type=\"section\">\n\t\t\t\t\t\t<div class=\"elementor-container elementor-column-gap-default\">\n\t\t\t\t\t<div class=\"elementor-column elementor-col-50 elementor-inner-column elementor-element elementor-element-5b5beaa9\" data-id=\"5b5beaa9\" data-element_type=\"column\" data-e-type=\"column\">\n\t\t\t<div class=\"elementor-widget-wrap elementor-element-populated\">\n\t\t\t\t\t\t<div class=\"elementor-element elementor-element-c5c853d elementor-icon-list--layout-traditional elementor-list-item-link-full_width elementor-widget elementor-widget-icon-list\" data-id=\"c5c853d\" data-element_type=\"widget\" data-e-type=\"widget\" data-widget_type=\"icon-list.default\">\n\t\t\t\t<div class=\"elementor-widget-container\">\n\t\t\t\t\t\t\t<ul class=\"elementor-icon-list-items\">\n\t\t\t\t\t\t\t<li class=\"elementor-icon-list-item\">\n\t\t\t\t\t\t\t\t\t\t\t<span class=\"elementor-icon-list-icon\">\n\t\t\t\t\t\t\t<svg aria-hidden=\"true\" class=\"e-font-icon-svg e-fas-check\" viewbox=\"0 0 512 512\" xmlns=\"http:\/\/www.w3.org\/2000\/svg\"><path d=\"M173.898 439.404l-166.4-166.4c-9.997-9.997-9.997-26.206 0-36.204l36.203-36.204c9.997-9.998 26.207-9.998 36.204 0L192 312.69 432.095 72.596c9.997-9.997 26.207-9.997 36.204 0l36.203 36.204c9.997 9.997 9.997 26.206 0 36.204l-294.4 294.401c-9.998 9.997-26.207 9.997-36.204-.001z\"><\/path><\/svg>\t\t\t\t\t\t<\/span>\n\t\t\t\t\t\t\t\t\t\t<span class=\"elementor-icon-list-text\"><strong>CLAU 1:<\/strong> Desxifra el SECRET de l'Excel\u00b7l\u00e8ncia Professional: aprofundeix en el teu potencial amb el debriefing intern i la reflexi\u00f3 personal\"<\/span>\n\t\t\t\t\t\t\t\t\t<\/li>\n\t\t\t\t\t\t\t\t<li class=\"elementor-icon-list-item\">\n\t\t\t\t\t\t\t\t\t\t\t<span class=\"elementor-icon-list-icon\">\n\t\t\t\t\t\t\t<svg aria-hidden=\"true\" class=\"e-font-icon-svg e-fas-check\" viewbox=\"0 0 512 512\" xmlns=\"http:\/\/www.w3.org\/2000\/svg\"><path d=\"M173.898 439.404l-166.4-166.4c-9.997-9.997-9.997-26.206 0-36.204l36.203-36.204c9.997-9.998 26.207-9.998 36.204 0L192 312.69 432.095 72.596c9.997-9.997 26.207-9.997 36.204 0l36.203 36.204c9.997 9.997 9.997 26.206 0 36.204l-294.4 294.401c-9.998 9.997-26.207 9.997-36.204-.001z\"><\/path><\/svg>\t\t\t\t\t\t<\/span>\n\t\t\t\t\t\t\t\t\t\t<span class=\"elementor-icon-list-text\"><strong>CLAU 2: <\/strong>Descobreix el poder transformador de la Reflexi\u00f3 Escrita: El Diari d'Aprenentatge que enforteix el teu autoconeixement i consolida els teus coneixements.<\/span>\n\t\t\t\t\t\t\t\t\t<\/li>\n\t\t\t\t\t\t\t\t<li class=\"elementor-icon-list-item\">\n\t\t\t\t\t\t\t\t\t\t\t<span class=\"elementor-icon-list-icon\">\n\t\t\t\t\t\t\t<svg aria-hidden=\"true\" class=\"e-font-icon-svg e-fas-check\" viewbox=\"0 0 512 512\" xmlns=\"http:\/\/www.w3.org\/2000\/svg\"><path d=\"M173.898 439.404l-166.4-166.4c-9.997-9.997-9.997-26.206 0-36.204l36.203-36.204c9.997-9.998 26.207-9.998 36.204 0L192 312.69 432.095 72.596c9.997-9.997 26.207-9.997 36.204 0l36.203 36.204c9.997 9.997 9.997 26.206 0 36.204l-294.4 294.401c-9.998 9.997-26.207 9.997-36.204-.001z\"><\/path><\/svg>\t\t\t\t\t\t<\/span>\n\t\t\t\t\t\t\t\t\t\t<span class=\"elementor-icon-list-text\"><strong>CLAU 3: <\/strong>Entrena la reflexi\u00f3 sistem\u00e0tica per un futur m\u00e9s efectiu: transforma les teves decisions i planifica el teu cam\u00ed cap a l'\u00e8xit amb el Diari d'Aprenentatge\"<\/span>\n\t\t\t\t\t\t\t\t\t<\/li>\n\t\t\t\t\t\t<\/ul>\n\t\t\t\t\t\t<\/div>\n\t\t\t\t<\/div>\n\t\t\t\t\t<\/div>\n\t\t<\/div>\n\t\t\t\t<div class=\"elementor-column elementor-col-50 elementor-inner-column elementor-element elementor-element-63168dec\" data-id=\"63168dec\" data-element_type=\"column\" data-e-type=\"column\">\n\t\t\t<div class=\"elementor-widget-wrap elementor-element-populated\">\n\t\t\t\t\t\t<div class=\"elementor-element elementor-element-954b785 elementor-widget__width-initial elementor-widget elementor-widget-image\" data-id=\"954b785\" data-element_type=\"widget\" data-e-type=\"widget\" data-widget_type=\"image.default\">\n\t\t\t\t<div class=\"elementor-widget-container\">\n\t\t\t\t\t\t\t\t\t\t\t\t\t\t\t<img fetchpriority=\"high\" decoding=\"async\" width=\"450\" height=\"381\" src=\"https:\/\/cosimulation.es\/wp-content\/uploads\/2024\/02\/Lead-Magnet-sanitarios.png\" class=\"attachment-large size-large wp-image-293\" alt=\"\" srcset=\"https:\/\/cosimulation.es\/wp-content\/uploads\/2024\/02\/Lead-Magnet-sanitarios.png 450w, https:\/\/cosimulation.es\/wp-content\/uploads\/2024\/02\/Lead-Magnet-sanitarios-300x254.png 300w\" sizes=\"(max-width: 450px) 100vw, 450px\" \/>\t\t\t\t\t\t\t\t\t\t\t\t\t\t\t<\/div>\n\t\t\t\t<\/div>\n\t\t\t\t\t<\/div>\n\t\t<\/div>\n\t\t\t\t\t<\/div>\n\t\t<\/section>\n\t\t\t\t\t<\/div>\n\t\t<\/div>\n\t\t\t\t\t<\/div>\n\t\t<\/section>\n\t\t<div class=\"elementor-element elementor-element-9717835 e-flex e-con-boxed e-con e-parent\" data-id=\"9717835\" data-element_type=\"container\" data-e-type=\"container\">\n\t\t\t\t\t<div class=\"e-con-inner\">\n\t\t\t\t<div class=\"elementor-element elementor-element-4d06a60 elementor-view-default elementor-widget elementor-widget-icon\" data-id=\"4d06a60\" data-element_type=\"widget\" data-e-type=\"widget\" data-settings=\"{&quot;motion_fx_motion_fx_scrolling&quot;:&quot;yes&quot;,&quot;motion_fx_translateX_effect&quot;:&quot;yes&quot;,&quot;motion_fx_translateX_speed&quot;:{&quot;unit&quot;:&quot;px&quot;,&quot;size&quot;:4,&quot;sizes&quot;:[]},&quot;motion_fx_translateX_affectedRange&quot;:{&quot;unit&quot;:&quot;%&quot;,&quot;size&quot;:&quot;&quot;,&quot;sizes&quot;:{&quot;start&quot;:0,&quot;end&quot;:100}},&quot;motion_fx_devices&quot;:[&quot;desktop&quot;,&quot;tablet&quot;,&quot;mobile&quot;]}\" data-widget_type=\"icon.default\">\n\t\t\t\t<div class=\"elementor-widget-container\">\n\t\t\t\t\t\t\t<div class=\"elementor-icon-wrapper\">\n\t\t\t<div class=\"elementor-icon\">\n\t\t\t<svg aria-hidden=\"true\" class=\"e-font-icon-svg e-fas-arrow-circle-down\" viewbox=\"0 0 512 512\" xmlns=\"http:\/\/www.w3.org\/2000\/svg\"><path d=\"M504 256c0 137-111 248-248 248S8 393 8 256 119 8 256 8s248 111 248 248zm-143.6-28.9L288 302.6V120c0-13.3-10.7-24-24-24h-16c-13.3 0-24 10.7-24 24v182.6l-72.4-75.5c-9.3-9.7-24.8-9.9-34.3-.4l-10.9 11c-9.4 9.4-9.4 24.6 0 33.9L239 404.3c9.4 9.4 24.6 9.4 33.9 0l132.7-132.7c9.4-9.4 9.4-24.6 0-33.9l-10.9-11c-9.5-9.5-25-9.3-34.3.4z\"><\/path><\/svg>\t\t\t<\/div>\n\t\t<\/div>\n\t\t\t\t\t\t<\/div>\n\t\t\t\t<\/div>\n\t\t\t\t<div class=\"elementor-element elementor-element-db5a1b6 elementor-button-align-stretch elementor-widget elementor-widget-form\" data-id=\"db5a1b6\" data-element_type=\"widget\" data-e-type=\"widget\" data-settings=\"{&quot;step_next_label&quot;:&quot;Siguiente&quot;,&quot;step_previous_label&quot;:&quot;Anterior&quot;,&quot;button_width&quot;:&quot;100&quot;,&quot;step_type&quot;:&quot;number_text&quot;,&quot;step_icon_shape&quot;:&quot;circle&quot;}\" data-widget_type=\"form.default\">\n\t\t\t\t<div class=\"elementor-widget-container\">\n\t\t\t\t\t\t\t<form class=\"elementor-form\" method=\"post\" id=\"New_form_LM_ads\" name=\"Lm organico\" aria-label=\"Lm organico\" novalidate=\"\" action=\"\">\n\t\t\t<input type=\"hidden\" name=\"post_id\" value=\"329\"\/>\n\t\t\t<input type=\"hidden\" name=\"form_id\" value=\"db5a1b6\"\/>\n\t\t\t<input type=\"hidden\" name=\"referer_title\" value=\"Lead Magnet ADS | coSIMULATION\" \/>\n\n\t\t\t\t\t\t\t<input type=\"hidden\" name=\"queried_id\" value=\"329\"\/>\n\t\t\t\n\t\t\t<div class=\"elementor-form-fields-wrapper elementor-labels-\">\n\t\t\t\t\t\t\t\t<div class=\"elementor-field-type-text elementor-field-group elementor-column elementor-field-group-name elementor-col-100 elementor-field-required\">\n\t\t\t\t\t\t\t\t\t\t\t\t<label for=\"form-field-name\" class=\"elementor-field-label elementor-screen-only\">\n\t\t\t\t\t\t\t\tNom\t\t\t\t\t\t\t<\/label>\n\t\t\t\t\t\t\t\t\t\t\t\t\t\t<input size=\"1\" type=\"text\" name=\"form_fields[name]\" id=\"form-field-name\" class=\"elementor-field elementor-size-sm  elementor-field-textual\" placeholder=\"Nom (sense cognoms)\" required=\"required\">\n\t\t\t\t\t\t\t\t\t\t\t<\/div>\n\t\t\t\t\t\t\t\t<div class=\"elementor-field-type-email elementor-field-group elementor-column elementor-field-group-email elementor-col-100 elementor-field-required\">\n\t\t\t\t\t\t\t\t\t\t\t\t<label for=\"form-field-email\" class=\"elementor-field-label elementor-screen-only\">\n\t\t\t\t\t\t\t\tEl teu millor mail\t\t\t\t\t\t\t<\/label>\n\t\t\t\t\t\t\t\t\t\t\t\t\t\t<input size=\"1\" type=\"email\" name=\"form_fields[email]\" id=\"form-field-email\" class=\"elementor-field elementor-size-sm  elementor-field-textual\" placeholder=\"El teu millor mail\" required=\"required\">\n\t\t\t\t\t\t\t\t\t\t\t<\/div>\n\t\t\t\t\t\t\t\t<div class=\"elementor-field-group elementor-column elementor-field-type-submit elementor-col-100 e-form__buttons\">\n\t\t\t\t\t<button class=\"elementor-button elementor-size-sm\" type=\"submit\">\n\t\t\t\t\t\t<span class=\"elementor-button-content-wrapper\">\n\t\t\t\t\t\t\t\t\t\t\t\t\t\t\t\t\t\t\t\t\t\t<span class=\"elementor-button-text\">DESCARREGA LA PLANTILLA GRATIS &gt;&gt;<\/span>\n\t\t\t\t\t\t\t\t\t\t\t\t\t<\/span>\n\t\t\t\t\t<\/button>\n\t\t\t\t<\/div>\n\t\t\t<\/div>\n\t\t<input type=\"hidden\" name=\"trp-form-language\" value=\"cat\"\/><\/form>\n\t\t\t\t\t\t<\/div>\n\t\t\t\t<\/div>\n\t\t\t\t<div class=\"elementor-element elementor-element-4e76aba elementor-widget elementor-widget-text-editor\" data-id=\"4e76aba\" data-element_type=\"widget\" data-e-type=\"widget\" data-widget_type=\"text-editor.default\">\n\t\t\t\t<div class=\"elementor-widget-container\">\n\t\t\t\t\t\t\t\t\t<p><b>INFORMACI\u00d3 B\u00c0SICA SOBRE PROTECCI\u00d3 DE DADES<\/b><br \/><strong>Responsable:<\/strong> Esther Collell (<a href=\"https:\/\/cosimulation.es\/cat\/\">https:\/\/cosimulation.es\/)<\/a><\/p><p><b>Finalitat<\/b><span style=\"font-weight: 400;\">: Gestionar i enviar informaci\u00f3 de butlletins i promocions a trav\u00e9s de correu electr\u00f2nic.<\/span><\/p><p><b>Legitimaci\u00f3<\/b><span style=\"font-weight: 400;\">: Consentiment de l\u2019interessat.<\/span><\/p><p><b>DESTINATARIS<\/b><span style=\"font-weight: 400;\">: No es cediran a tercers sin\u00f3 hi ha obligaci\u00f3 legal.<\/span><\/p><p><b>DRETS<\/b><span style=\"font-weight: 400;\">: Pots exercitar en qualsevol moment els teus drets d\u2019acc\u00e9s, rectificaci\u00f3, supressi\u00f3, oposici\u00f3 i dem\u00e9s drets legalment establerts a trav\u00e9s del seg\u00fcent e-mail:<\/span> esthercollell@cosimulation.es<\/p><p><strong>INFORMACI\u00d3 ADDICIONAL<\/strong>: Pots consultar la informaci\u00f3 addicional i detallada sobre protecci\u00f3 de dades aqu\u00ed: \u00a0<a href=\"https:\/\/cosimulation.es\/cat\/aviso-legal\/\">https:\/\/cosimulation.es\/aviso-legal<\/a><\/p>\t\t\t\t\t\t\t\t<\/div>\n\t\t\t\t<\/div>\n\t\t\t\t\t<\/div>\n\t\t\t\t<\/div>\n\t\t\t\t<section class=\"elementor-section elementor-top-section elementor-element elementor-element-6882a4e0 elementor-section-boxed elementor-section-height-default elementor-section-height-default\" data-id=\"6882a4e0\" data-element_type=\"section\" data-e-type=\"section\" data-settings=\"{&quot;background_background&quot;:&quot;classic&quot;}\">\n\t\t\t\t\t\t<div class=\"elementor-container elementor-column-gap-default\">\n\t\t\t\t\t<div class=\"elementor-column elementor-col-100 elementor-top-column elementor-element elementor-element-482a3f36\" data-id=\"482a3f36\" data-element_type=\"column\" data-e-type=\"column\">\n\t\t\t<div class=\"elementor-widget-wrap elementor-element-populated\">\n\t\t\t\t\t\t<div class=\"elementor-element elementor-element-69e75144 elementor-widget elementor-widget-heading\" data-id=\"69e75144\" data-element_type=\"widget\" data-e-type=\"widget\" data-widget_type=\"heading.default\">\n\t\t\t\t<div class=\"elementor-widget-container\">\n\t\t\t\t\t<p class=\"elementor-heading-title elementor-size-default\">\u00a92024 Esther Collell<\/p>\t\t\t\t<\/div>\n\t\t\t\t<\/div>\n\t\t\t\t\t<\/div>\n\t\t<\/div>\n\t\t\t\t\t<\/div>\n\t\t<\/section>\n\t\t\t\t<\/div>","protected":false},"excerpt":{"rendered":"<p>PER PROFESSIONALS QUE VOLEN ACOSTAR-SE A L\u2019EXCEL\u00b7L\u00c8NCIA PROFESSIONAL DESCARREGA DE FORMA GRATU\u00cfTA \u00abDesenvolupa&#8217;t cap a l&#8217;excel\u00b7l\u00e8ncia: un Diari d&#8217;Aprenentatge exclusiu per a Professionals Sanitaris\u00bb PLANTILLA CLAU 1: Desxifra el SECRET de l&#8217;Excel\u00b7l\u00e8ncia Professional: aprofundeix en el teu potencial amb el debriefing intern i la reflexi\u00f3 personal\u00bb CLAU 2: Descobreix el poder transformador de la Reflexi\u00f3&hellip;&nbsp;<a href=\"https:\/\/cosimulation.es\/cat\/tu-regalo-ads\/\" rel=\"bookmark\"><span class=\"screen-reader-text\">Lead Magnet ADS<\/span><\/a><\/p>","protected":false},"author":1,"featured_media":0,"parent":0,"menu_order":0,"comment_status":"closed","ping_status":"closed","template":"elementor_canvas","meta":{"neve_meta_sidebar":"","neve_meta_container":"","neve_meta_enable_content_width":"","neve_meta_content_width":0,"neve_meta_title_alignment":"","neve_meta_author_avatar":"","neve_post_elements_order":"","neve_meta_disable_header":"","neve_meta_disable_footer":"","neve_meta_disable_title":"","footnotes":""},"class_list":["post-329","page","type-page","status-publish","hentry"],"yoast_head":"<!-- This site is optimized with the Yoast SEO plugin v26.6 - https:\/\/yoast.com\/wordpress\/plugins\/seo\/ -->\n<title>Lead Magnet ADS | coSIMULATION<\/title>\n<meta name=\"robots\" content=\"index, follow, max-snippet:-1, max-image-preview:large, max-video-preview:-1\" \/>\n<link rel=\"canonical\" href=\"https:\/\/cosimulation.es\/cat\/tu-regalo-ads\/\" \/>\n<meta property=\"og:locale\" content=\"ca_ES\" \/>\n<meta property=\"og:type\" content=\"article\" \/>\n<meta property=\"og:title\" content=\"Lead Magnet ADS | coSIMULATION\" \/>\n<meta property=\"og:description\" content=\"PER PROFESSIONALS QUE VOLEN ACOSTAR-SE A L\u2019EXCEL\u00b7L\u00c8NCIA PROFESSIONAL DESCARREGA DE FORMA GRATU\u00cfTA \u00abDesenvolupa&#8217;t cap a l&#8217;excel\u00b7l\u00e8ncia: un Diari d&#8217;Aprenentatge exclusiu per a Professionals Sanitaris\u00bb PLANTILLA CLAU 1: Desxifra el SECRET de l&#8217;Excel\u00b7l\u00e8ncia Professional: aprofundeix en el teu potencial amb el debriefing intern i la reflexi\u00f3 personal\u00bb CLAU 2: Descobreix el poder transformador de la Reflexi\u00f3&hellip;&nbsp;Lead Magnet ADS\" \/>\n<meta property=\"og:url\" content=\"https:\/\/cosimulation.es\/cat\/tu-regalo-ads\/\" \/>\n<meta property=\"og:site_name\" content=\"coSIMULATION\" \/>\n<meta property=\"article:publisher\" content=\"https:\/\/www.instagram.com\/cosimulation.es\/\" \/>\n<meta property=\"article:modified_time\" content=\"2025-07-01T09:37:37+00:00\" \/>\n<meta property=\"og:image\" content=\"https:\/\/cosimulation.es\/wp-content\/uploads\/2024\/02\/Lead-Magnet-sanitarios.png\" \/>\n\t<meta property=\"og:image:width\" content=\"450\" \/>\n\t<meta property=\"og:image:height\" content=\"381\" \/>\n\t<meta property=\"og:image:type\" content=\"image\/png\" \/>\n<meta name=\"twitter:card\" content=\"summary_large_image\" \/>\n<meta name=\"twitter:label1\" content=\"Temps estimat de lectura\" \/>\n\t<meta name=\"twitter:data1\" content=\"2 minuts\" \/>\n<script type=\"application\/ld+json\" class=\"yoast-schema-graph\">{\"@context\":\"https:\/\/schema.org\",\"@graph\":[{\"@type\":\"WebPage\",\"@id\":\"https:\/\/cosimulation.es\/tu-regalo-ads\/\",\"url\":\"https:\/\/cosimulation.es\/tu-regalo-ads\/\",\"name\":\"Lead Magnet ADS | coSIMULATION\",\"isPartOf\":{\"@id\":\"https:\/\/cosimulation.es\/#website\"},\"primaryImageOfPage\":{\"@id\":\"https:\/\/cosimulation.es\/tu-regalo-ads\/#primaryimage\"},\"image\":{\"@id\":\"https:\/\/cosimulation.es\/tu-regalo-ads\/#primaryimage\"},\"thumbnailUrl\":\"https:\/\/cosimulation.es\/wp-content\/uploads\/2024\/02\/Lead-Magnet-sanitarios.png\",\"datePublished\":\"2024-02-15T10:37:24+00:00\",\"dateModified\":\"2025-07-01T09:37:37+00:00\",\"breadcrumb\":{\"@id\":\"https:\/\/cosimulation.es\/tu-regalo-ads\/#breadcrumb\"},\"inLanguage\":\"ca\",\"potentialAction\":[{\"@type\":\"ReadAction\",\"target\":[\"https:\/\/cosimulation.es\/tu-regalo-ads\/\"]}]},{\"@type\":\"ImageObject\",\"inLanguage\":\"ca\",\"@id\":\"https:\/\/cosimulation.es\/tu-regalo-ads\/#primaryimage\",\"url\":\"https:\/\/cosimulation.es\/wp-content\/uploads\/2024\/02\/Lead-Magnet-sanitarios.png\",\"contentUrl\":\"https:\/\/cosimulation.es\/wp-content\/uploads\/2024\/02\/Lead-Magnet-sanitarios.png\"},{\"@type\":\"BreadcrumbList\",\"@id\":\"https:\/\/cosimulation.es\/tu-regalo-ads\/#breadcrumb\",\"itemListElement\":[{\"@type\":\"ListItem\",\"position\":1,\"name\":\"Portada\",\"item\":\"https:\/\/cosimulation.es\/\"},{\"@type\":\"ListItem\",\"position\":2,\"name\":\"Lead Magnet ADS\"}]},{\"@type\":\"WebSite\",\"@id\":\"https:\/\/cosimulation.es\/#website\",\"url\":\"https:\/\/cosimulation.es\/\",\"name\":\"coSIMULATION\",\"description\":\"Formaci\u00f3n sanitaria\",\"publisher\":{\"@id\":\"https:\/\/cosimulation.es\/#organization\"},\"potentialAction\":[{\"@type\":\"SearchAction\",\"target\":{\"@type\":\"EntryPoint\",\"urlTemplate\":\"https:\/\/cosimulation.es\/?s={search_term_string}\"},\"query-input\":{\"@type\":\"PropertyValueSpecification\",\"valueRequired\":true,\"valueName\":\"search_term_string\"}}],\"inLanguage\":\"ca\"},{\"@type\":\"Organization\",\"@id\":\"https:\/\/cosimulation.es\/#organization\",\"name\":\"coSIMULATION\",\"url\":\"https:\/\/cosimulation.es\/\",\"logo\":{\"@type\":\"ImageObject\",\"inLanguage\":\"ca\",\"@id\":\"https:\/\/cosimulation.es\/#\/schema\/logo\/image\/\",\"url\":\"https:\/\/cosimulation.es\/wp-content\/uploads\/2024\/01\/LOGO-coSIMULATION.png\",\"contentUrl\":\"https:\/\/cosimulation.es\/wp-content\/uploads\/2024\/01\/LOGO-coSIMULATION.png\",\"width\":500,\"height\":274,\"caption\":\"coSIMULATION\"},\"image\":{\"@id\":\"https:\/\/cosimulation.es\/#\/schema\/logo\/image\/\"},\"sameAs\":[\"https:\/\/www.instagram.com\/cosimulation.es\/\"]}]}<\/script>\n<!-- \/ Yoast SEO plugin. -->","yoast_head_json":{"title":"Lead Magnet ADS | coSIMULATION","robots":{"index":"index","follow":"follow","max-snippet":"max-snippet:-1","max-image-preview":"max-image-preview:large","max-video-preview":"max-video-preview:-1"},"canonical":"https:\/\/cosimulation.es\/cat\/tu-regalo-ads\/","og_locale":"ca_ES","og_type":"article","og_title":"Lead Magnet ADS | coSIMULATION","og_description":"PER PROFESSIONALS QUE VOLEN ACOSTAR-SE A L\u2019EXCEL\u00b7L\u00c8NCIA PROFESSIONAL DESCARREGA DE FORMA GRATU\u00cfTA \u00abDesenvolupa&#8217;t cap a l&#8217;excel\u00b7l\u00e8ncia: un Diari d&#8217;Aprenentatge exclusiu per a Professionals Sanitaris\u00bb PLANTILLA CLAU 1: Desxifra el SECRET de l&#8217;Excel\u00b7l\u00e8ncia Professional: aprofundeix en el teu potencial amb el debriefing intern i la reflexi\u00f3 personal\u00bb CLAU 2: Descobreix el poder transformador de la Reflexi\u00f3&hellip;&nbsp;Lead Magnet ADS","og_url":"https:\/\/cosimulation.es\/cat\/tu-regalo-ads\/","og_site_name":"coSIMULATION","article_publisher":"https:\/\/www.instagram.com\/cosimulation.es\/","article_modified_time":"2025-07-01T09:37:37+00:00","og_image":[{"width":450,"height":381,"url":"https:\/\/cosimulation.es\/wp-content\/uploads\/2024\/02\/Lead-Magnet-sanitarios.png","type":"image\/png"}],"twitter_card":"summary_large_image","twitter_misc":{"Temps estimat de lectura":"2 minuts"},"schema":{"@context":"https:\/\/schema.org","@graph":[{"@type":"WebPage","@id":"https:\/\/cosimulation.es\/tu-regalo-ads\/","url":"https:\/\/cosimulation.es\/tu-regalo-ads\/","name":"Lead Magnet ADS | coSIMULATION","isPartOf":{"@id":"https:\/\/cosimulation.es\/#website"},"primaryImageOfPage":{"@id":"https:\/\/cosimulation.es\/tu-regalo-ads\/#primaryimage"},"image":{"@id":"https:\/\/cosimulation.es\/tu-regalo-ads\/#primaryimage"},"thumbnailUrl":"https:\/\/cosimulation.es\/wp-content\/uploads\/2024\/02\/Lead-Magnet-sanitarios.png","datePublished":"2024-02-15T10:37:24+00:00","dateModified":"2025-07-01T09:37:37+00:00","breadcrumb":{"@id":"https:\/\/cosimulation.es\/tu-regalo-ads\/#breadcrumb"},"inLanguage":"ca","potentialAction":[{"@type":"ReadAction","target":["https:\/\/cosimulation.es\/tu-regalo-ads\/"]}]},{"@type":"ImageObject","inLanguage":"ca","@id":"https:\/\/cosimulation.es\/tu-regalo-ads\/#primaryimage","url":"https:\/\/cosimulation.es\/wp-content\/uploads\/2024\/02\/Lead-Magnet-sanitarios.png","contentUrl":"https:\/\/cosimulation.es\/wp-content\/uploads\/2024\/02\/Lead-Magnet-sanitarios.png"},{"@type":"BreadcrumbList","@id":"https:\/\/cosimulation.es\/tu-regalo-ads\/#breadcrumb","itemListElement":[{"@type":"ListItem","position":1,"name":"Portada","item":"https:\/\/cosimulation.es\/"},{"@type":"ListItem","position":2,"name":"Lead Magnet ADS"}]},{"@type":"WebSite","@id":"https:\/\/cosimulation.es\/#website","url":"https:\/\/cosimulation.es\/","name":"coSIMULATION","description":"Formaci\u00f3n sanitaria","publisher":{"@id":"https:\/\/cosimulation.es\/#organization"},"potentialAction":[{"@type":"SearchAction","target":{"@type":"EntryPoint","urlTemplate":"https:\/\/cosimulation.es\/?s={search_term_string}"},"query-input":{"@type":"PropertyValueSpecification","valueRequired":true,"valueName":"search_term_string"}}],"inLanguage":"ca"},{"@type":"Organization","@id":"https:\/\/cosimulation.es\/#organization","name":"coSIMULATION","url":"https:\/\/cosimulation.es\/","logo":{"@type":"ImageObject","inLanguage":"ca","@id":"https:\/\/cosimulation.es\/#\/schema\/logo\/image\/","url":"https:\/\/cosimulation.es\/wp-content\/uploads\/2024\/01\/LOGO-coSIMULATION.png","contentUrl":"https:\/\/cosimulation.es\/wp-content\/uploads\/2024\/01\/LOGO-coSIMULATION.png","width":500,"height":274,"caption":"coSIMULATION"},"image":{"@id":"https:\/\/cosimulation.es\/#\/schema\/logo\/image\/"},"sameAs":["https:\/\/www.instagram.com\/cosimulation.es\/"]}]}},"jetpack_sharing_enabled":true,"publishpress_future_action":{"enabled":false,"date":"2026-05-07 13:22:49","action":"change-status","newStatus":"draft","terms":[],"taxonomy":"","extraData":[]},"publishpress_future_workflow_manual_trigger":{"enabledWorkflows":[]},"_links":{"self":[{"href":"https:\/\/cosimulation.es\/cat\/wp-json\/wp\/v2\/pages\/329","targetHints":{"allow":["GET"]}}],"collection":[{"href":"https:\/\/cosimulation.es\/cat\/wp-json\/wp\/v2\/pages"}],"about":[{"href":"https:\/\/cosimulation.es\/cat\/wp-json\/wp\/v2\/types\/page"}],"author":[{"embeddable":true,"href":"https:\/\/cosimulation.es\/cat\/wp-json\/wp\/v2\/users\/1"}],"replies":[{"embeddable":true,"href":"https:\/\/cosimulation.es\/cat\/wp-json\/wp\/v2\/comments?post=329"}],"version-history":[{"count":6,"href":"https:\/\/cosimulation.es\/cat\/wp-json\/wp\/v2\/pages\/329\/revisions"}],"predecessor-version":[{"id":2625,"href":"https:\/\/cosimulation.es\/cat\/wp-json\/wp\/v2\/pages\/329\/revisions\/2625"}],"wp:attachment":[{"href":"https:\/\/cosimulation.es\/cat\/wp-json\/wp\/v2\/media?parent=329"}],"curies":[{"name":"wp","href":"https:\/\/api.w.org\/{rel}","templated":true}]}}